{"id":259,"date":"2017-10-03T14:30:47","date_gmt":"2017-10-03T14:30:47","guid":{"rendered":"http:\/\/eliott-markus.tech\/parallel.law\/?page_id=259"},"modified":"2023-11-29T16:04:05","modified_gmt":"2023-11-29T16:04:05","slug":"mentions-legales","status":"publish","type":"page","link":"https:\/\/parallel.law\/en\/mentions-legales\/","title":{"rendered":"Legal Notice"},"content":{"rendered":"<p><strong>Le site Parallel.law<\/strong><\/p>\n<p>Le site accessible via l\u2019url <a href=\"https:\/\/parallel.law\/\">https:\/\/parallel.law\/<\/a> (ci-apr\u00e8s le \u00ab\u00a0Site\u00a0\u00bb) a pour objet principal la fourniture d\u2019informations et d\u2019actualit\u00e9s relatives au cabinet Parallel Avocats.<\/p>\n<p>Le site est \u00e9dit\u00e9 et g\u00e9r\u00e9 par Parallel Avocats,\u00a0Parallel Avocats, Association d&#8217;Avocats \u00e0 Responsabilit\u00e9 Professionnelle Individuelle, SIRET 832 138 291 00014, accessible \u00e0 l\u2019adresse 26 rue du Quatre Septembre, 75002 Paris. L\u2019\u00e9diteur est joignable au 01.70.98.31.07 ou par courrier \u00e0 l\u2019adresse \u00e9lectronique suivante\u00a0: contact@parallel.law<\/p>\n<p>En utilisant le site l\u2019utilisateur accepte les pr\u00e9sentes conditions d\u2019utilisation.<\/p>\n<p>Directeur de la publication\u00a0: Parallel Avocats<\/p>\n<p>&nbsp;<\/p>\n<p><strong>Utilisation et responsabilit\u00e9 <\/strong><\/p>\n<p>En acc\u00e9dant au site, l\u2019utilisateur accepte les pr\u00e9sentes conditions d\u2019utilisation. Parallel Avocats ne saurait \u00eatre tenu responsable des dommages subis par l\u2019utilisateur du site parrallel.law et de ses contenus. Cette limitation de responsabilit\u00e9 s\u2019\u00e9tend \u00e0 tous les pr\u00e9judices mat\u00e9riels, financiers, informatiques, immat\u00e9riels, cons\u00e9cutifs \u00e0 l\u2019acc\u00e8s ou \u00e0 l\u2019usage de notre site internet et des sites internet li\u00e9s.<\/p>\n<p>Parallel Avocats d\u00e9cline \u00e9galement toute responsabilit\u00e9 pour tous dommages directs ou indirects r\u00e9sultant d\u2019une intrusion frauduleuse d\u2019un tiers ayant entra\u00een\u00e9 une modification des informations mises \u00e0 disposition sur le site et pour tous dommages provoqu\u00e9s en raison de l\u2019acc\u00e8s de quiconque au site ou de l\u2019impossibilit\u00e9 d\u2019y acc\u00e9der.<\/p>\n<p>&nbsp;<\/p>\n<p><strong>H\u00e9bergement, cr\u00e9ation, conception et r\u00e9alisation<\/strong><\/p>\n<p>Leaseweb Deutschland GmbH<br \/>\nFrankfurt am Main FRA-10 Data Center<br \/>\nKleyerstr. 75-87, 60326 Frankfurt am Main, Germany<\/p>\n<p>&nbsp;<\/p>\n<p>Le design, la conception et le d\u00e9veloppement ont \u00e9t\u00e9 r\u00e9alis\u00e9s par l\u2019agence de conseil en communication et marketing Eliott &amp; Markus.<\/p>\n<p>Eliott &amp; Markus<br \/>\n10, rue Myrha<br \/>\n75018 Paris<br \/>\nt +33 (0)1 53 41 41 96<br \/>\n<a href=\"http:\/\/www.eliott-markus.com\">www.eliott-markus.com<\/a><\/p>\n","protected":false},"excerpt":{"rendered":"<p>Le site Parallel.law Le site accessible via l\u2019url https:\/\/parallel.law\/ (ci-apr\u00e8s le \u00ab\u00a0Site\u00a0\u00bb) a pour objet principal la fourniture d\u2019informations et d\u2019actualit\u00e9s relatives au cabinet Parallel Avocats. Le site est \u00e9dit\u00e9 et g\u00e9r\u00e9 par Parallel Avocats,\u00a0Parallel Avocats, Association d&#8217;Avocats \u00e0 Responsabilit\u00e9 Professionnelle Individuelle, SIRET 832 138 291 00014, accessible \u00e0 l\u2019adresse 26 rue du Quatre Septembre, [&hellip;]<\/p>\n","protected":false},"author":13,"featured_media":0,"parent":0,"menu_order":0,"comment_status":"closed","ping_status":"closed","template":"pages\/old_Internal.php","meta":{"_acf_changed":false,"footnotes":""},"class_list":["post-259","page","type-page","status-publish","hentry"],"acf":[],"yoast_head":"<!-- This site is optimized with the Yoast SEO plugin v27.4 - https:\/\/yoast.com\/product\/yoast-seo-wordpress\/ -->\n<title>Legal Notice | Parallel Avocats<\/title>\n<meta name=\"robots\" content=\"index, follow, max-snippet:-1, max-image-preview:large, max-video-preview:-1\" \/>\n<link rel=\"canonical\" href=\"https:\/\/parallel.law\/en\/mentions-legales\/\" \/>\n<meta property=\"og:locale\" content=\"en_US\" \/>\n<meta property=\"og:type\" content=\"article\" \/>\n<meta property=\"og:title\" content=\"Legal Notice | Parallel Avocats\" \/>\n<meta property=\"og:description\" content=\"Le site Parallel.law Le site accessible via l\u2019url https:\/\/parallel.law\/ (ci-apr\u00e8s le \u00ab\u00a0Site\u00a0\u00bb) a pour objet principal la fourniture d\u2019informations et d\u2019actualit\u00e9s relatives au cabinet Parallel Avocats. Le site est \u00e9dit\u00e9 et g\u00e9r\u00e9 par Parallel Avocats,\u00a0Parallel Avocats, Association d&#8217;Avocats \u00e0 Responsabilit\u00e9 Professionnelle Individuelle, SIRET 832 138 291 00014, accessible \u00e0 l\u2019adresse 26 rue du Quatre Septembre, [&hellip;]\" \/>\n<meta property=\"og:url\" content=\"https:\/\/parallel.law\/en\/mentions-legales\/\" \/>\n<meta property=\"og:site_name\" content=\"Parallel Avocats\" \/>\n<meta property=\"article:modified_time\" content=\"2023-11-29T16:04:05+00:00\" \/>\n<meta name=\"twitter:card\" content=\"summary_large_image\" \/>\n<meta name=\"twitter:label1\" content=\"Est. reading time\" \/>\n\t<meta name=\"twitter:data1\" content=\"1 minute\" \/>\n<script type=\"application\/ld+json\" class=\"yoast-schema-graph\">{\"@context\":\"https:\\\/\\\/schema.org\",\"@graph\":[{\"@type\":\"WebPage\",\"@id\":\"https:\\\/\\\/parallel.law\\\/en\\\/mentions-legales\\\/\",\"url\":\"https:\\\/\\\/parallel.law\\\/en\\\/mentions-legales\\\/\",\"name\":\"Legal Notice | Parallel Avocats\",\"isPartOf\":{\"@id\":\"https:\\\/\\\/parallel.law\\\/#website\"},\"datePublished\":\"2017-10-03T14:30:47+00:00\",\"dateModified\":\"2023-11-29T16:04:05+00:00\",\"breadcrumb\":{\"@id\":\"https:\\\/\\\/parallel.law\\\/en\\\/mentions-legales\\\/#breadcrumb\"},\"inLanguage\":\"en-US\",\"potentialAction\":[{\"@type\":\"ReadAction\",\"target\":[\"https:\\\/\\\/parallel.law\\\/en\\\/mentions-legales\\\/\"]}]},{\"@type\":\"BreadcrumbList\",\"@id\":\"https:\\\/\\\/parallel.law\\\/en\\\/mentions-legales\\\/#breadcrumb\",\"itemListElement\":[{\"@type\":\"ListItem\",\"position\":1,\"name\":\"Accueil\",\"item\":\"https:\\\/\\\/parallel.law\\\/en\\\/\"},{\"@type\":\"ListItem\",\"position\":2,\"name\":\"Legal Notice\"}]},{\"@type\":\"WebSite\",\"@id\":\"https:\\\/\\\/parallel.law\\\/#website\",\"url\":\"https:\\\/\\\/parallel.law\\\/\",\"name\":\"Parallel Avocats\",\"description\":\"\",\"publisher\":{\"@id\":\"https:\\\/\\\/parallel.law\\\/#organization\"},\"potentialAction\":[{\"@type\":\"SearchAction\",\"target\":{\"@type\":\"EntryPoint\",\"urlTemplate\":\"https:\\\/\\\/parallel.law\\\/?s={search_term_string}\"},\"query-input\":{\"@type\":\"PropertyValueSpecification\",\"valueRequired\":true,\"valueName\":\"search_term_string\"}}],\"inLanguage\":\"en-US\"},{\"@type\":\"Organization\",\"@id\":\"https:\\\/\\\/parallel.law\\\/#organization\",\"name\":\"Parallel Avocats\",\"url\":\"https:\\\/\\\/parallel.law\\\/\",\"logo\":{\"@type\":\"ImageObject\",\"inLanguage\":\"en-US\",\"@id\":\"https:\\\/\\\/parallel.law\\\/#\\\/schema\\\/logo\\\/image\\\/\",\"url\":\"https:\\\/\\\/parallel.law\\\/wp-content\\\/uploads\\\/2020\\\/06\\\/Parallel_logo_noir@2x.png\",\"contentUrl\":\"https:\\\/\\\/parallel.law\\\/wp-content\\\/uploads\\\/2020\\\/06\\\/Parallel_logo_noir@2x.png\",\"width\":5321,\"height\":3763,\"caption\":\"Parallel Avocats\"},\"image\":{\"@id\":\"https:\\\/\\\/parallel.law\\\/#\\\/schema\\\/logo\\\/image\\\/\"},\"sameAs\":[\"https:\\\/\\\/www.linkedin.com\\\/company\\\/parallel-avocats\\\/\",\"https:\\\/\\\/www.youtube.com\\\/channel\\\/UCi0DkIiZ2bihdibqqcvpDUw\"]}]}<\/script>\n<!-- \/ Yoast SEO plugin. -->","yoast_head_json":{"title":"Legal Notice | Parallel Avocats","robots":{"index":"index","follow":"follow","max-snippet":"max-snippet:-1","max-image-preview":"max-image-preview:large","max-video-preview":"max-video-preview:-1"},"canonical":"https:\/\/parallel.law\/en\/mentions-legales\/","og_locale":"en_US","og_type":"article","og_title":"Legal Notice | Parallel Avocats","og_description":"Le site Parallel.law Le site accessible via l\u2019url https:\/\/parallel.law\/ (ci-apr\u00e8s le \u00ab\u00a0Site\u00a0\u00bb) a pour objet principal la fourniture d\u2019informations et d\u2019actualit\u00e9s relatives au cabinet Parallel Avocats. Le site est \u00e9dit\u00e9 et g\u00e9r\u00e9 par Parallel Avocats,\u00a0Parallel Avocats, Association d&#8217;Avocats \u00e0 Responsabilit\u00e9 Professionnelle Individuelle, SIRET 832 138 291 00014, accessible \u00e0 l\u2019adresse 26 rue du Quatre Septembre, [&hellip;]","og_url":"https:\/\/parallel.law\/en\/mentions-legales\/","og_site_name":"Parallel Avocats","article_modified_time":"2023-11-29T16:04:05+00:00","twitter_card":"summary_large_image","twitter_misc":{"Est. reading time":"1 minute"},"schema":{"@context":"https:\/\/schema.org","@graph":[{"@type":"WebPage","@id":"https:\/\/parallel.law\/en\/mentions-legales\/","url":"https:\/\/parallel.law\/en\/mentions-legales\/","name":"Legal Notice | Parallel Avocats","isPartOf":{"@id":"https:\/\/parallel.law\/#website"},"datePublished":"2017-10-03T14:30:47+00:00","dateModified":"2023-11-29T16:04:05+00:00","breadcrumb":{"@id":"https:\/\/parallel.law\/en\/mentions-legales\/#breadcrumb"},"inLanguage":"en-US","potentialAction":[{"@type":"ReadAction","target":["https:\/\/parallel.law\/en\/mentions-legales\/"]}]},{"@type":"BreadcrumbList","@id":"https:\/\/parallel.law\/en\/mentions-legales\/#breadcrumb","itemListElement":[{"@type":"ListItem","position":1,"name":"Accueil","item":"https:\/\/parallel.law\/en\/"},{"@type":"ListItem","position":2,"name":"Legal Notice"}]},{"@type":"WebSite","@id":"https:\/\/parallel.law\/#website","url":"https:\/\/parallel.law\/","name":"Parallel Avocats","description":"","publisher":{"@id":"https:\/\/parallel.law\/#organization"},"potentialAction":[{"@type":"SearchAction","target":{"@type":"EntryPoint","urlTemplate":"https:\/\/parallel.law\/?s={search_term_string}"},"query-input":{"@type":"PropertyValueSpecification","valueRequired":true,"valueName":"search_term_string"}}],"inLanguage":"en-US"},{"@type":"Organization","@id":"https:\/\/parallel.law\/#organization","name":"Parallel Avocats","url":"https:\/\/parallel.law\/","logo":{"@type":"ImageObject","inLanguage":"en-US","@id":"https:\/\/parallel.law\/#\/schema\/logo\/image\/","url":"https:\/\/parallel.law\/wp-content\/uploads\/2020\/06\/Parallel_logo_noir@2x.png","contentUrl":"https:\/\/parallel.law\/wp-content\/uploads\/2020\/06\/Parallel_logo_noir@2x.png","width":5321,"height":3763,"caption":"Parallel Avocats"},"image":{"@id":"https:\/\/parallel.law\/#\/schema\/logo\/image\/"},"sameAs":["https:\/\/www.linkedin.com\/company\/parallel-avocats\/","https:\/\/www.youtube.com\/channel\/UCi0DkIiZ2bihdibqqcvpDUw"]}]}},"_links":{"self":[{"href":"https:\/\/parallel.law\/en\/wp-json\/wp\/v2\/pages\/259","targetHints":{"allow":["GET"]}}],"collection":[{"href":"https:\/\/parallel.law\/en\/wp-json\/wp\/v2\/pages"}],"about":[{"href":"https:\/\/parallel.law\/en\/wp-json\/wp\/v2\/types\/page"}],"author":[{"embeddable":true,"href":"https:\/\/parallel.law\/en\/wp-json\/wp\/v2\/users\/13"}],"replies":[{"embeddable":true,"href":"https:\/\/parallel.law\/en\/wp-json\/wp\/v2\/comments?post=259"}],"version-history":[{"count":9,"href":"https:\/\/parallel.law\/en\/wp-json\/wp\/v2\/pages\/259\/revisions"}],"predecessor-version":[{"id":3494,"href":"https:\/\/parallel.law\/en\/wp-json\/wp\/v2\/pages\/259\/revisions\/3494"}],"wp:attachment":[{"href":"https:\/\/parallel.law\/en\/wp-json\/wp\/v2\/media?parent=259"}],"curies":[{"name":"wp","href":"https:\/\/api.w.org\/{rel}","templated":true}]}}