{"id":1684,"date":"2019-10-15T13:58:39","date_gmt":"2019-10-15T13:58:39","guid":{"rendered":"https:\/\/parallel.eliott-markus.digital\/?page_id=1684"},"modified":"2023-09-26T17:04:12","modified_gmt":"2023-09-26T17:04:12","slug":"international","status":"publish","type":"page","link":"https:\/\/parallel.law\/en\/international\/","title":{"rendered":"International"},"content":{"rendered":"<h1>Implement your international strategy timely and efficiently.<\/h1>\n<p align=\"justify\">Technology defies economic boundaries, but legal boundaries remain. At Parallel, we build the bridges necessary to enable our clients to operate internationally in the most efficient way possible.<\/p>\n","protected":false},"excerpt":{"rendered":"<p>Implement your international strategy timely and efficiently. Technology defies economic boundaries, but legal boundaries remain. At Parallel, we build the bridges necessary to enable our clients to operate internationally in the most efficient way possible.<\/p>\n","protected":false},"author":13,"featured_media":0,"parent":0,"menu_order":0,"comment_status":"closed","ping_status":"closed","template":"pages\/new-international.php","meta":{"_acf_changed":false,"footnotes":""},"class_list":["post-1684","page","type-page","status-publish","hentry"],"acf":[],"yoast_head":"<!-- This site is optimized with the Yoast SEO plugin v27.4 - https:\/\/yoast.com\/product\/yoast-seo-wordpress\/ -->\n<title>International et plateforme num\u00e9rique - Parallel Avocats<\/title>\n<meta name=\"description\" content=\"International et plateforme num\u00e9rique : l&#039;expertise juridique de Parallel Avocats coupl\u00e9e \u00e0 sa connaissance des mod\u00e8les est d\u00e9cisive pour les entrepreneurs\" \/>\n<meta name=\"robots\" content=\"index, follow, max-snippet:-1, max-image-preview:large, max-video-preview:-1\" \/>\n<link rel=\"canonical\" href=\"https:\/\/parallel.law\/en\/international\/\" \/>\n<meta property=\"og:locale\" content=\"en_US\" \/>\n<meta property=\"og:type\" content=\"article\" \/>\n<meta property=\"og:title\" content=\"International et plateforme num\u00e9rique - Parallel Avocats\" \/>\n<meta property=\"og:description\" content=\"International et plateforme num\u00e9rique : l&#039;expertise juridique de Parallel Avocats coupl\u00e9e \u00e0 sa connaissance des mod\u00e8les est d\u00e9cisive pour les entrepreneurs\" \/>\n<meta property=\"og:url\" content=\"https:\/\/parallel.law\/en\/international\/\" \/>\n<meta property=\"og:site_name\" content=\"Parallel Avocats\" \/>\n<meta property=\"article:modified_time\" content=\"2023-09-26T17:04:12+00:00\" \/>\n<meta name=\"twitter:card\" content=\"summary_large_image\" \/>\n<script type=\"application\/ld+json\" class=\"yoast-schema-graph\">{\"@context\":\"https:\\\/\\\/schema.org\",\"@graph\":[{\"@type\":\"WebPage\",\"@id\":\"https:\\\/\\\/parallel.law\\\/en\\\/international\\\/\",\"url\":\"https:\\\/\\\/parallel.law\\\/en\\\/international\\\/\",\"name\":\"International et plateforme num\u00e9rique - Parallel Avocats\",\"isPartOf\":{\"@id\":\"https:\\\/\\\/parallel.law\\\/#website\"},\"datePublished\":\"2019-10-15T13:58:39+00:00\",\"dateModified\":\"2023-09-26T17:04:12+00:00\",\"description\":\"International et plateforme num\u00e9rique : l'expertise juridique de Parallel Avocats coupl\u00e9e \u00e0 sa connaissance des mod\u00e8les est d\u00e9cisive pour les entrepreneurs\",\"breadcrumb\":{\"@id\":\"https:\\\/\\\/parallel.law\\\/en\\\/international\\\/#breadcrumb\"},\"inLanguage\":\"en-US\",\"potentialAction\":[{\"@type\":\"ReadAction\",\"target\":[\"https:\\\/\\\/parallel.law\\\/en\\\/international\\\/\"]}]},{\"@type\":\"BreadcrumbList\",\"@id\":\"https:\\\/\\\/parallel.law\\\/en\\\/international\\\/#breadcrumb\",\"itemListElement\":[{\"@type\":\"ListItem\",\"position\":1,\"name\":\"Accueil\",\"item\":\"https:\\\/\\\/parallel.law\\\/en\\\/\"},{\"@type\":\"ListItem\",\"position\":2,\"name\":\"International\"}]},{\"@type\":\"WebSite\",\"@id\":\"https:\\\/\\\/parallel.law\\\/#website\",\"url\":\"https:\\\/\\\/parallel.law\\\/\",\"name\":\"Parallel Avocats\",\"description\":\"\",\"publisher\":{\"@id\":\"https:\\\/\\\/parallel.law\\\/#organization\"},\"potentialAction\":[{\"@type\":\"SearchAction\",\"target\":{\"@type\":\"EntryPoint\",\"urlTemplate\":\"https:\\\/\\\/parallel.law\\\/?s={search_term_string}\"},\"query-input\":{\"@type\":\"PropertyValueSpecification\",\"valueRequired\":true,\"valueName\":\"search_term_string\"}}],\"inLanguage\":\"en-US\"},{\"@type\":\"Organization\",\"@id\":\"https:\\\/\\\/parallel.law\\\/#organization\",\"name\":\"Parallel Avocats\",\"url\":\"https:\\\/\\\/parallel.law\\\/\",\"logo\":{\"@type\":\"ImageObject\",\"inLanguage\":\"en-US\",\"@id\":\"https:\\\/\\\/parallel.law\\\/#\\\/schema\\\/logo\\\/image\\\/\",\"url\":\"https:\\\/\\\/parallel.law\\\/wp-content\\\/uploads\\\/2020\\\/06\\\/Parallel_logo_noir@2x.png\",\"contentUrl\":\"https:\\\/\\\/parallel.law\\\/wp-content\\\/uploads\\\/2020\\\/06\\\/Parallel_logo_noir@2x.png\",\"width\":5321,\"height\":3763,\"caption\":\"Parallel Avocats\"},\"image\":{\"@id\":\"https:\\\/\\\/parallel.law\\\/#\\\/schema\\\/logo\\\/image\\\/\"},\"sameAs\":[\"https:\\\/\\\/www.linkedin.com\\\/company\\\/parallel-avocats\\\/\",\"https:\\\/\\\/www.youtube.com\\\/channel\\\/UCi0DkIiZ2bihdibqqcvpDUw\"]}]}<\/script>\n<!-- \/ Yoast SEO plugin. -->","yoast_head_json":{"title":"International et plateforme num\u00e9rique - Parallel Avocats","description":"International et plateforme num\u00e9rique : l'expertise juridique de Parallel Avocats coupl\u00e9e \u00e0 sa connaissance des mod\u00e8les est d\u00e9cisive pour les entrepreneurs","robots":{"index":"index","follow":"follow","max-snippet":"max-snippet:-1","max-image-preview":"max-image-preview:large","max-video-preview":"max-video-preview:-1"},"canonical":"https:\/\/parallel.law\/en\/international\/","og_locale":"en_US","og_type":"article","og_title":"International et plateforme num\u00e9rique - Parallel Avocats","og_description":"International et plateforme num\u00e9rique : l'expertise juridique de Parallel Avocats coupl\u00e9e \u00e0 sa connaissance des mod\u00e8les est d\u00e9cisive pour les entrepreneurs","og_url":"https:\/\/parallel.law\/en\/international\/","og_site_name":"Parallel Avocats","article_modified_time":"2023-09-26T17:04:12+00:00","twitter_card":"summary_large_image","schema":{"@context":"https:\/\/schema.org","@graph":[{"@type":"WebPage","@id":"https:\/\/parallel.law\/en\/international\/","url":"https:\/\/parallel.law\/en\/international\/","name":"International et plateforme num\u00e9rique - Parallel Avocats","isPartOf":{"@id":"https:\/\/parallel.law\/#website"},"datePublished":"2019-10-15T13:58:39+00:00","dateModified":"2023-09-26T17:04:12+00:00","description":"International et plateforme num\u00e9rique : l'expertise juridique de Parallel Avocats coupl\u00e9e \u00e0 sa connaissance des mod\u00e8les est d\u00e9cisive pour les entrepreneurs","breadcrumb":{"@id":"https:\/\/parallel.law\/en\/international\/#breadcrumb"},"inLanguage":"en-US","potentialAction":[{"@type":"ReadAction","target":["https:\/\/parallel.law\/en\/international\/"]}]},{"@type":"BreadcrumbList","@id":"https:\/\/parallel.law\/en\/international\/#breadcrumb","itemListElement":[{"@type":"ListItem","position":1,"name":"Accueil","item":"https:\/\/parallel.law\/en\/"},{"@type":"ListItem","position":2,"name":"International"}]},{"@type":"WebSite","@id":"https:\/\/parallel.law\/#website","url":"https:\/\/parallel.law\/","name":"Parallel Avocats","description":"","publisher":{"@id":"https:\/\/parallel.law\/#organization"},"potentialAction":[{"@type":"SearchAction","target":{"@type":"EntryPoint","urlTemplate":"https:\/\/parallel.law\/?s={search_term_string}"},"query-input":{"@type":"PropertyValueSpecification","valueRequired":true,"valueName":"search_term_string"}}],"inLanguage":"en-US"},{"@type":"Organization","@id":"https:\/\/parallel.law\/#organization","name":"Parallel Avocats","url":"https:\/\/parallel.law\/","logo":{"@type":"ImageObject","inLanguage":"en-US","@id":"https:\/\/parallel.law\/#\/schema\/logo\/image\/","url":"https:\/\/parallel.law\/wp-content\/uploads\/2020\/06\/Parallel_logo_noir@2x.png","contentUrl":"https:\/\/parallel.law\/wp-content\/uploads\/2020\/06\/Parallel_logo_noir@2x.png","width":5321,"height":3763,"caption":"Parallel Avocats"},"image":{"@id":"https:\/\/parallel.law\/#\/schema\/logo\/image\/"},"sameAs":["https:\/\/www.linkedin.com\/company\/parallel-avocats\/","https:\/\/www.youtube.com\/channel\/UCi0DkIiZ2bihdibqqcvpDUw"]}]}},"_links":{"self":[{"href":"https:\/\/parallel.law\/en\/wp-json\/wp\/v2\/pages\/1684","targetHints":{"allow":["GET"]}}],"collection":[{"href":"https:\/\/parallel.law\/en\/wp-json\/wp\/v2\/pages"}],"about":[{"href":"https:\/\/parallel.law\/en\/wp-json\/wp\/v2\/types\/page"}],"author":[{"embeddable":true,"href":"https:\/\/parallel.law\/en\/wp-json\/wp\/v2\/users\/13"}],"replies":[{"embeddable":true,"href":"https:\/\/parallel.law\/en\/wp-json\/wp\/v2\/comments?post=1684"}],"version-history":[{"count":11,"href":"https:\/\/parallel.law\/en\/wp-json\/wp\/v2\/pages\/1684\/revisions"}],"predecessor-version":[{"id":3206,"href":"https:\/\/parallel.law\/en\/wp-json\/wp\/v2\/pages\/1684\/revisions\/3206"}],"wp:attachment":[{"href":"https:\/\/parallel.law\/en\/wp-json\/wp\/v2\/media?parent=1684"}],"curies":[{"name":"wp","href":"https:\/\/api.w.org\/{rel}","templated":true}]}}